{"id":1585,"date":"2025-02-18T06:56:45","date_gmt":"2025-02-18T04:56:45","guid":{"rendered":"https:\/\/ekoy.vdisain.dev\/privacy-policy\/"},"modified":"2025-08-11T11:15:42","modified_gmt":"2025-08-11T08:15:42","slug":"privacy-policy","status":"publish","type":"page","link":"https:\/\/ekoy.ee\/en\/privacy-policy\/","title":{"rendered":"Privacy policy"},"content":{"rendered":"\t\t<div data-elementor-type=\"wp-page\" data-elementor-id=\"1585\" class=\"elementor elementor-1585 elementor-3\" data-elementor-post-type=\"page\">\n\t\t\t\t<div class=\"elementor-element elementor-element-41211607 e-flex e-con-boxed e-con e-parent\" data-id=\"41211607\" data-element_type=\"container\" data-e-type=\"container\">\n\t\t\t\t\t<div class=\"e-con-inner\">\n\t\t\t\t<div class=\"elementor-element elementor-element-42a223d elementor-widget elementor-widget-spacer\" data-id=\"42a223d\" data-element_type=\"widget\" data-e-type=\"widget\" data-widget_type=\"spacer.default\">\n\t\t\t\t<div class=\"elementor-widget-container\">\n\t\t\t\t\t\t\t<div class=\"elementor-spacer\">\n\t\t\t<div class=\"elementor-spacer-inner\"><\/div>\n\t\t<\/div>\n\t\t\t\t\t\t<\/div>\n\t\t\t\t<\/div>\n\t\t\t\t<div class=\"elementor-element elementor-element-29f48bd3 elementor-widget elementor-widget-text-editor\" data-id=\"29f48bd3\" data-element_type=\"widget\" data-e-type=\"widget\" data-widget_type=\"text-editor.default\">\n\t\t\t\t<div class=\"elementor-widget-container\">\n\t\t\t\t\t\t\t\t\t<h1>Privacy policy<\/h1>\n<h2><\/h2>\n<h2>General<\/h2>\nO\u00dc EKOY Elektroonika (registry code 11109102; address: Ekoi, Altk\u00fcla, L\u00e4\u00e4ne-Harju Parish, Harju County) values the privacy of website visitors.\nThis privacy policy explains what personal data we collect, why we use it, and how you can exercise your rights.\n<h2>Data Collection and Use<\/h2>\n<ul>\n \t<li data-start=\"593\" data-end=\"676\">\n<p data-start=\"595\" data-end=\"676\">Data submitted via the website\u2019s comment\/contact form (name, email, content).<\/p>\n<\/li>\n \t<li data-start=\"677\" data-end=\"807\">\n<p data-start=\"679\" data-end=\"807\">Visitor\u2019s IP address and browser user interface value \u2013 for the operation of the anti-spam system.<\/p>\n<\/li>\n<\/ul>\t\t\t\t\t\t\t\t<\/div>\n\t\t\t\t<\/div>\n\t\t\t\t<div class=\"elementor-element elementor-element-7b16645 elementor-widget elementor-widget-html\" data-id=\"7b16645\" data-element_type=\"widget\" data-e-type=\"widget\" data-widget_type=\"html.default\">\n\t\t\t\t<div class=\"elementor-widget-container\">\n\t\t\t\t\t<style>\r\n    a.cky-banner-element {\r\n        padding: 8px 30px;\r\n        background: #F8F9FA;\r\n        color: #858A8F;\r\n        border: 1px solid #DEE2E6;\r\n        box-sizing: border-box;\r\n        border-radius: 2px;\r\n        cursor: pointer;\r\n}\r\n<\/style>\r\n<h2>Use of Cookies<\/h2>\r\n<p>\r\n Last updated: 27-Jun-2025\r\n<\/p>\r\n\r\n&nbsp;\r\n<h5>What are cookies?<\/h5>\r\n<div class=\"cookie-policy-p\"><p>This cookie policy explains what cookies are and how we use them, what types of cookies we use, what information we collect using cookies and how that information is used, and how you can manage your cookie preferences.\r\n\r\nCookies are small text files that store small pieces of data. They are stored on your device when the website is loaded in your browser. Cookies help us ensure the website functions properly, enhance security, improve user experience, and understand how the website performs, as well as analyze what works well and where improvements are needed.  <\/p><\/div>\r\n\r\n&nbsp;\r\n<h5>How do we use cookies?<\/h5>\r\n<div class=\"cookie-policy-p\"><p>Like most online services, our website uses both first-party and third-party cookies for various purposes.<br>First-party cookies are mostly necessary for the website to function correctly and do not collect any personally identifiable data. \r\n\r\nThe third-party cookies used on our website are mainly for understanding how the website performs, how you interact with it, keeping our services secure, providing relevant advertisements to visitors, and generally improving user experience and speeding up future interactions with our website.<\/p><\/div>\r\n\r\n&nbsp;\r\n    <h5>Types of Cookies We Use<\/h5>\r\n\r\n    <div class=\"cky-audit-table-element\"><\/div>\r\n\r\n&nbsp;\r\n    <h5 style=\"margin-bottom:20px;\">Managing cookie preferences<\/h5>\r\n\r\n    <a class=\"cky-banner-element\">Change preferences<\/a> <br><br>    \r\n\r\n    <div><p>You can change your cookie preferences at any time by clicking the button above. This allows you to review your cookie consent, change your preferences, or withdraw your consent. \r\n\r\nIn addition, various web browsers offer options for blocking and deleting cookies. You can change your browser settings to block or delete cookies used by websites. Below are links to documentation that instructs you on how to manage and delete cookies in the major web browsers.  <\/p> <p>Chrome: <a target=\"_blank\" href=\"https:\/\/support.google.com\/accounts\/answer\/32050\">https:\/\/support.google.com\/accounts\/answer\/32050<\/a><\/p><p>Safari: <a target=\"_blank\" href=\"https:\/\/support.apple.com\/en-in\/guide\/safari\/sfri11471\/mac\">https:\/\/support.apple.com\/en-in\/guide\/safari\/sfri11471\/mac<\/a><\/p><p>Firefox: <a target=\"_blank\" href=\"https:\/\/support.mozilla.org\/en-US\/kb\/clear-cookies-and-site-data-firefox?redirectslug=delete-cookies-remove-info-websites-stored&amp;redirectlocale=en-US\">https:\/\/support.mozilla.org\/en-US\/kb\/clear-cookies-and-site-data-firefox?redirectslug=delete-cookies-remove-info-websites-stored&amp;redirectlocale=en-US<\/a><\/p><p>Internet Explorer: <a target=\"_blank\" href=\"https:\/\/support.microsoft.com\/en-us\/topic\/how-to-delete-cookie-files-in-internet-explorer-bca9446f-d873-78de-77ba-d42645fa52fc\">https:\/\/support.microsoft.com\/en-us\/topic\/how-to-delete-cookie-files-in-internet-explorer-bca9446f-d873-78de-77ba-d42645fa52fc<\/a><\/p><br><p>If you are using another web browser, please visit your browser's official support documentation.<\/p><\/div>\t\t\t\t<\/div>\n\t\t\t\t<\/div>\n\t\t\t\t<div class=\"elementor-element elementor-element-cdf4360 elementor-widget elementor-widget-text-editor\" data-id=\"cdf4360\" data-element_type=\"widget\" data-e-type=\"widget\" data-widget_type=\"text-editor.default\">\n\t\t\t\t<div class=\"elementor-widget-container\">\n\t\t\t\t\t\t\t\t\t<h2>Data Retention and Protection<\/h2>\n<p>Personal data is retained only for the period necessary for the intended processing purpose.<br>We implement technical and organizational measures to protect data from unauthorized access, leakage, loss, or destruction. <\/p>\n<h2>Data Sharing with Third Parties<\/h2>\n<p>We share personal data with third parties (e.g., delivery services) only when necessary for providing the service and only if the data subject has given consent or if it is based on legitimate interest or a legal obligation (e.g., supervisory authorities).<\/p>\n<h2>User Rights<\/h2>\n<p>You have the right to:<\/p>\n<ul>\n<li data-start=\"2128\" data-end=\"2180\">\n<p data-start=\"2130\" data-end=\"2180\">Access and receive information about your personal data.<\/p>\n<\/li>\n<li data-start=\"2181\" data-end=\"2227\">\n<p data-start=\"2183\" data-end=\"2227\">Request correction or deletion of data.<\/p>\n<\/li>\n<li data-start=\"2228\" data-end=\"2469\">\n<p data-start=\"2230\" data-end=\"2469\">Piirata andmet\u00f6\u00f6tlust v\u00f5i esitada vea korral vastuv\u00e4iteid.<br data-start=\"2288\" data-end=\"2291\">Et esitada n\u00f5udmisi v\u00f5i selgitusi, v\u00f5ta \u00fchendust:<a href=\"https:\/\/ekoy.ee\/en\/contact\/\">Kontakt<\/a><\/p>\n<\/li>\n<\/ul>\n<h2>Changes to the Privacy Policy<\/h2>\n<p>O\u00dc EKOY Elektroonika reserves the right to update this privacy policy. Changes will be published here along with the date. <\/p>\t\t\t\t\t\t\t\t<\/div>\n\t\t\t\t<\/div>\n\t\t\t\t<div class=\"elementor-element elementor-element-1bf36f3 elementor-widget elementor-widget-spacer\" data-id=\"1bf36f3\" data-element_type=\"widget\" data-e-type=\"widget\" data-widget_type=\"spacer.default\">\n\t\t\t\t<div class=\"elementor-widget-container\">\n\t\t\t\t\t\t\t<div class=\"elementor-spacer\">\n\t\t\t<div class=\"elementor-spacer-inner\"><\/div>\n\t\t<\/div>\n\t\t\t\t\t\t<\/div>\n\t\t\t\t<\/div>\n\t\t\t\t\t<\/div>\n\t\t\t\t<\/div>\n\t\t\t\t<\/div>\n\t\t","protected":false},"excerpt":{"rendered":"<p>Privacy policy General O\u00dc EKOY Elektroonika (registry code 11109102; address: Ekoi, Altk\u00fcla, L\u00e4\u00e4ne-Harju Parish, Harju County) values the privacy of website visitors. This privacy policy explains what personal data we collect, why we use it, and how you can exercise your rights. Data Collection and Use Data submitted via the website\u2019s comment\/contact form (name, email, [&hellip;]<\/p>\n","protected":false},"author":1,"featured_media":0,"parent":0,"menu_order":0,"comment_status":"closed","ping_status":"closed","template":"elementor_header_footer","meta":{"postBodyCss":"","postBodyMargin":[],"postBodyPadding":[],"postBodyBackground":{"backgroundType":"classic","gradient":""},"footnotes":""},"class_list":["post-1585","page","type-page","status-publish","hentry"],"yoast_head":"<!-- This site is optimized with the Yoast SEO plugin v27.5 - https:\/\/yoast.com\/product\/yoast-seo-wordpress\/ -->\n<title>Privacy policy - EKOY Elektroonika<\/title>\n<meta name=\"description\" content=\"Privacy Policy. Personal data is only retained for the period of time necessary for the purpose of processing.\" \/>\n<meta name=\"robots\" content=\"index, follow, max-snippet:-1, max-image-preview:large, max-video-preview:-1\" \/>\n<link rel=\"canonical\" href=\"https:\/\/ekoy.ee\/en\/privacy-policy\/\" \/>\n<meta property=\"og:locale\" content=\"en_US\" \/>\n<meta property=\"og:type\" content=\"article\" \/>\n<meta property=\"og:title\" content=\"Privacy policy - EKOY Elektroonika\" \/>\n<meta property=\"og:description\" content=\"Privacy Policy. Personal data is only retained for the period of time necessary for the purpose of processing.\" \/>\n<meta property=\"og:url\" content=\"https:\/\/ekoy.ee\/en\/privacy-policy\/\" \/>\n<meta property=\"og:site_name\" content=\"EKOY Elektroonika\" \/>\n<meta property=\"article:publisher\" content=\"https:\/\/www.facebook.com\/EkoyElektroonika\/\" \/>\n<meta property=\"article:modified_time\" content=\"2025-08-11T08:15:42+00:00\" \/>\n<meta property=\"og:image\" content=\"https:\/\/ekoy.ee\/wp-content\/uploads\/2025\/02\/OU\u2560\u0418-EKOY-Elektroonika-e1739864463240.png\" \/>\n\t<meta property=\"og:image:width\" content=\"787\" \/>\n\t<meta property=\"og:image:height\" content=\"430\" \/>\n\t<meta property=\"og:image:type\" content=\"image\/png\" \/>\n<meta name=\"twitter:card\" content=\"summary_large_image\" \/>\n<meta name=\"twitter:label1\" content=\"Est. reading time\" \/>\n\t<meta name=\"twitter:data1\" content=\"3 minutes\" \/>\n<script type=\"application\/ld+json\" class=\"yoast-schema-graph\">{\"@context\":\"https:\\\/\\\/schema.org\",\"@graph\":[{\"@type\":\"WebPage\",\"@id\":\"https:\\\/\\\/ekoy.ee\\\/en\\\/privacy-policy\\\/\",\"url\":\"https:\\\/\\\/ekoy.ee\\\/en\\\/privacy-policy\\\/\",\"name\":\"Privacy policy - EKOY Elektroonika\",\"isPartOf\":{\"@id\":\"https:\\\/\\\/ekoy.ee\\\/en\\\/#website\"},\"datePublished\":\"2025-02-18T04:56:45+00:00\",\"dateModified\":\"2025-08-11T08:15:42+00:00\",\"description\":\"Privacy Policy. Personal data is only retained for the period of time necessary for the purpose of processing.\",\"breadcrumb\":{\"@id\":\"https:\\\/\\\/ekoy.ee\\\/en\\\/privacy-policy\\\/#breadcrumb\"},\"inLanguage\":\"en-US\",\"potentialAction\":[{\"@type\":\"ReadAction\",\"target\":[\"https:\\\/\\\/ekoy.ee\\\/en\\\/privacy-policy\\\/\"]}]},{\"@type\":\"BreadcrumbList\",\"@id\":\"https:\\\/\\\/ekoy.ee\\\/en\\\/privacy-policy\\\/#breadcrumb\",\"itemListElement\":[{\"@type\":\"ListItem\",\"position\":1,\"name\":\"Home\",\"item\":\"https:\\\/\\\/ekoy.ee\\\/en\\\/\"},{\"@type\":\"ListItem\",\"position\":2,\"name\":\"Privacy policy\"}]},{\"@type\":\"WebSite\",\"@id\":\"https:\\\/\\\/ekoy.ee\\\/en\\\/#website\",\"url\":\"https:\\\/\\\/ekoy.ee\\\/en\\\/\",\"name\":\"EKOY Elektroonika\",\"description\":\"Paindlikud lahendused, mitmek\u00fclgsed koostamist\u00f6\u00f6d\",\"publisher\":{\"@id\":\"https:\\\/\\\/ekoy.ee\\\/en\\\/#organization\"},\"alternateName\":\"Ekoy\",\"potentialAction\":[{\"@type\":\"SearchAction\",\"target\":{\"@type\":\"EntryPoint\",\"urlTemplate\":\"https:\\\/\\\/ekoy.ee\\\/en\\\/?s={search_term_string}\"},\"query-input\":{\"@type\":\"PropertyValueSpecification\",\"valueRequired\":true,\"valueName\":\"search_term_string\"}}],\"inLanguage\":\"en-US\"},{\"@type\":\"Organization\",\"@id\":\"https:\\\/\\\/ekoy.ee\\\/en\\\/#organization\",\"name\":\"O\u00dc EKOY Elektroonika\",\"url\":\"https:\\\/\\\/ekoy.ee\\\/en\\\/\",\"logo\":{\"@type\":\"ImageObject\",\"inLanguage\":\"en-US\",\"@id\":\"https:\\\/\\\/ekoy.ee\\\/en\\\/#\\\/schema\\\/logo\\\/image\\\/\",\"url\":\"https:\\\/\\\/ekoy.ee\\\/wp-content\\\/uploads\\\/2025\\\/02\\\/cropped-Ekoy_Elektroonika_20a_varviline_200x200mm-01.png\",\"contentUrl\":\"https:\\\/\\\/ekoy.ee\\\/wp-content\\\/uploads\\\/2025\\\/02\\\/cropped-Ekoy_Elektroonika_20a_varviline_200x200mm-01.png\",\"width\":512,\"height\":512,\"caption\":\"O\u00dc EKOY Elektroonika\"},\"image\":{\"@id\":\"https:\\\/\\\/ekoy.ee\\\/en\\\/#\\\/schema\\\/logo\\\/image\\\/\"},\"sameAs\":[\"https:\\\/\\\/www.facebook.com\\\/EkoyElektroonika\\\/\"]}]}<\/script>\n<!-- \/ Yoast SEO plugin. -->","yoast_head_json":{"title":"Privacy policy - EKOY Elektroonika","description":"Privacy Policy. Personal data is only retained for the period of time necessary for the purpose of processing.","robots":{"index":"index","follow":"follow","max-snippet":"max-snippet:-1","max-image-preview":"max-image-preview:large","max-video-preview":"max-video-preview:-1"},"canonical":"https:\/\/ekoy.ee\/en\/privacy-policy\/","og_locale":"en_US","og_type":"article","og_title":"Privacy policy - EKOY Elektroonika","og_description":"Privacy Policy. Personal data is only retained for the period of time necessary for the purpose of processing.","og_url":"https:\/\/ekoy.ee\/en\/privacy-policy\/","og_site_name":"EKOY Elektroonika","article_publisher":"https:\/\/www.facebook.com\/EkoyElektroonika\/","article_modified_time":"2025-08-11T08:15:42+00:00","og_image":[{"width":787,"height":430,"url":"https:\/\/ekoy.ee\/wp-content\/uploads\/2025\/02\/OU\u2560\u0418-EKOY-Elektroonika-e1739864463240.png","type":"image\/png"}],"twitter_card":"summary_large_image","twitter_misc":{"Est. reading time":"3 minutes"},"schema":{"@context":"https:\/\/schema.org","@graph":[{"@type":"WebPage","@id":"https:\/\/ekoy.ee\/en\/privacy-policy\/","url":"https:\/\/ekoy.ee\/en\/privacy-policy\/","name":"Privacy policy - EKOY Elektroonika","isPartOf":{"@id":"https:\/\/ekoy.ee\/en\/#website"},"datePublished":"2025-02-18T04:56:45+00:00","dateModified":"2025-08-11T08:15:42+00:00","description":"Privacy Policy. Personal data is only retained for the period of time necessary for the purpose of processing.","breadcrumb":{"@id":"https:\/\/ekoy.ee\/en\/privacy-policy\/#breadcrumb"},"inLanguage":"en-US","potentialAction":[{"@type":"ReadAction","target":["https:\/\/ekoy.ee\/en\/privacy-policy\/"]}]},{"@type":"BreadcrumbList","@id":"https:\/\/ekoy.ee\/en\/privacy-policy\/#breadcrumb","itemListElement":[{"@type":"ListItem","position":1,"name":"Home","item":"https:\/\/ekoy.ee\/en\/"},{"@type":"ListItem","position":2,"name":"Privacy policy"}]},{"@type":"WebSite","@id":"https:\/\/ekoy.ee\/en\/#website","url":"https:\/\/ekoy.ee\/en\/","name":"EKOY Elektroonika","description":"Paindlikud lahendused, mitmek\u00fclgsed koostamist\u00f6\u00f6d","publisher":{"@id":"https:\/\/ekoy.ee\/en\/#organization"},"alternateName":"Ekoy","potentialAction":[{"@type":"SearchAction","target":{"@type":"EntryPoint","urlTemplate":"https:\/\/ekoy.ee\/en\/?s={search_term_string}"},"query-input":{"@type":"PropertyValueSpecification","valueRequired":true,"valueName":"search_term_string"}}],"inLanguage":"en-US"},{"@type":"Organization","@id":"https:\/\/ekoy.ee\/en\/#organization","name":"O\u00dc EKOY Elektroonika","url":"https:\/\/ekoy.ee\/en\/","logo":{"@type":"ImageObject","inLanguage":"en-US","@id":"https:\/\/ekoy.ee\/en\/#\/schema\/logo\/image\/","url":"https:\/\/ekoy.ee\/wp-content\/uploads\/2025\/02\/cropped-Ekoy_Elektroonika_20a_varviline_200x200mm-01.png","contentUrl":"https:\/\/ekoy.ee\/wp-content\/uploads\/2025\/02\/cropped-Ekoy_Elektroonika_20a_varviline_200x200mm-01.png","width":512,"height":512,"caption":"O\u00dc EKOY Elektroonika"},"image":{"@id":"https:\/\/ekoy.ee\/en\/#\/schema\/logo\/image\/"},"sameAs":["https:\/\/www.facebook.com\/EkoyElektroonika\/"]}]}},"_links":{"self":[{"href":"https:\/\/ekoy.ee\/en\/wp-json\/wp\/v2\/pages\/1585","targetHints":{"allow":["GET"]}}],"collection":[{"href":"https:\/\/ekoy.ee\/en\/wp-json\/wp\/v2\/pages"}],"about":[{"href":"https:\/\/ekoy.ee\/en\/wp-json\/wp\/v2\/types\/page"}],"author":[{"embeddable":true,"href":"https:\/\/ekoy.ee\/en\/wp-json\/wp\/v2\/users\/1"}],"replies":[{"embeddable":true,"href":"https:\/\/ekoy.ee\/en\/wp-json\/wp\/v2\/comments?post=1585"}],"version-history":[{"count":6,"href":"https:\/\/ekoy.ee\/en\/wp-json\/wp\/v2\/pages\/1585\/revisions"}],"predecessor-version":[{"id":2265,"href":"https:\/\/ekoy.ee\/en\/wp-json\/wp\/v2\/pages\/1585\/revisions\/2265"}],"wp:attachment":[{"href":"https:\/\/ekoy.ee\/en\/wp-json\/wp\/v2\/media?parent=1585"}],"curies":[{"name":"wp","href":"https:\/\/api.w.org\/{rel}","templated":true}]}}